{"id":650,"date":"2013-04-17T17:29:51","date_gmt":"2013-04-17T15:29:51","guid":{"rendered":"http:\/\/www.sg-bebra.de\/?page_id=650"},"modified":"2023-09-20T16:43:44","modified_gmt":"2023-09-20T14:43:44","slug":"aktuell","status":"publish","type":"page","link":"https:\/\/www.sg-bebra.de\/?page_id=650","title":{"rendered":"Verein"},"content":{"rendered":"<p><strong>Die Sch\u00fctzengesellschaft 1886 Bebra e.V. stellt sich vor.<\/strong><\/p>\n<p>Wir bieten das Schie\u00dfen mit dem Luftgewehr und Kleinkaliber f\u00fcr Jedermann an:<\/p>\n<ul>\n<li>Schnupperkurse<\/li>\n<li>Einzeltraining<\/li>\n<li>Gruppentraining<\/li>\n<li>Betriebsmatches<\/li>\n<\/ul>\n<p><strong><br \/>\nTrainingszeiten<\/strong><\/p>\n<p><strong>Luftgewehr und Kleinkalieber<br \/>\n<\/strong>Montag ab 18.00 Uhr<br \/>\nMittwoch ab 19.00 Uhr<\/p>\n<p><strong>Kinder und Jugendliche\u00a0<\/strong><br \/>\nMittwoch von 18.30- 19.00 Uhr<\/p>\n<p>Ab 10 Jahren kann jeder unverbindlich am Schie\u00dftraining teilnehmen.<br \/>\nAnsprechpartner: Steffen Apel und Sigrid Hense 06622\/42119 oder sg-bebra@web,de<\/p>\n<p><strong>Sch\u00fctzentreff<br \/>\n<\/strong>Jeden Mittwoch ab 19.30 Uhr im Vereinsheim.<br \/>\nG\u00e4ste sind herzlich eingeladen.<\/p>\n<p>Weiterhin stellen wir unser Sch\u00fctzenhaus f\u00fcr private Feiern zur Verf\u00fcgung.<\/p>\n<p>Kontakt unter 0172\/7956565 oder sg-bebra@web,de<\/p>\n","protected":false},"excerpt":{"rendered":"<p>Die Sch\u00fctzengesellschaft 1886 Bebra e.V. stellt sich vor. Wir bieten das Schie\u00dfen mit dem Luftgewehr und Kleinkaliber f\u00fcr Jedermann an: Schnupperkurse Einzeltraining Gruppentraining Betriebsmatches Trainingszeiten Luftgewehr und Kleinkalieber Montag ab 18.00 Uhr Mittwoch ab 19.00 Uhr Kinder und Jugendliche\u00a0 Mittwoch &hellip; <a href=\"https:\/\/www.sg-bebra.de\/?page_id=650\">Weiterlesen <span class=\"meta-nav\">&rarr;<\/span><\/a><\/p>\n","protected":false},"author":2,"featured_media":0,"parent":0,"menu_order":0,"comment_status":"closed","ping_status":"open","template":"","meta":{"footnotes":""},"_links":{"self":[{"href":"https:\/\/www.sg-bebra.de\/index.php?rest_route=\/wp\/v2\/pages\/650"}],"collection":[{"href":"https:\/\/www.sg-bebra.de\/index.php?rest_route=\/wp\/v2\/pages"}],"about":[{"href":"https:\/\/www.sg-bebra.de\/index.php?rest_route=\/wp\/v2\/types\/page"}],"author":[{"embeddable":true,"href":"https:\/\/www.sg-bebra.de\/index.php?rest_route=\/wp\/v2\/users\/2"}],"replies":[{"embeddable":true,"href":"https:\/\/www.sg-bebra.de\/index.php?rest_route=%2Fwp%2Fv2%2Fcomments&post=650"}],"version-history":[{"count":35,"href":"https:\/\/www.sg-bebra.de\/index.php?rest_route=\/wp\/v2\/pages\/650\/revisions"}],"predecessor-version":[{"id":1381,"href":"https:\/\/www.sg-bebra.de\/index.php?rest_route=\/wp\/v2\/pages\/650\/revisions\/1381"}],"wp:attachment":[{"href":"https:\/\/www.sg-bebra.de\/index.php?rest_route=%2Fwp%2Fv2%2Fmedia&parent=650"}],"curies":[{"name":"wp","href":"https:\/\/api.w.org\/{rel}","templated":true}]}}