{"id":455,"date":"2011-08-17T09:13:41","date_gmt":"2011-08-17T07:13:41","guid":{"rendered":"http:\/\/www.sg-bebra.de\/?page_id=455"},"modified":"2023-04-17T19:46:57","modified_gmt":"2023-04-17T17:46:57","slug":"455-2","status":"publish","type":"page","link":"https:\/\/www.sg-bebra.de\/?page_id=455","title":{"rendered":"Schie\u00dfergebnisse"},"content":{"rendered":"<h2>Schie\u00dfergebnisse Sch\u00fctzenbezirk 20<\/h2>\n<p>bitte auf den Link klicken<\/p>\n<p><a title=\"Ergebnisse\" href=\"http:\/\/www.k35.idsmedia.de\/kreismeister\/Ergebnisse.htm\" target=\"_blank\" rel=\"noopener\">https:\/\/www.rwk-onlinemelder.de\/online\/listen\/hsvsb20<\/a><\/p>\n","protected":false},"excerpt":{"rendered":"<p>Schie\u00dfergebnisse Sch\u00fctzenbezirk 20 bitte auf den Link klicken https:\/\/www.rwk-onlinemelder.de\/online\/listen\/hsvsb20<\/p>\n","protected":false},"author":2,"featured_media":0,"parent":0,"menu_order":0,"comment_status":"closed","ping_status":"open","template":"","meta":{"footnotes":""},"_links":{"self":[{"href":"https:\/\/www.sg-bebra.de\/index.php?rest_route=\/wp\/v2\/pages\/455"}],"collection":[{"href":"https:\/\/www.sg-bebra.de\/index.php?rest_route=\/wp\/v2\/pages"}],"about":[{"href":"https:\/\/www.sg-bebra.de\/index.php?rest_route=\/wp\/v2\/types\/page"}],"author":[{"embeddable":true,"href":"https:\/\/www.sg-bebra.de\/index.php?rest_route=\/wp\/v2\/users\/2"}],"replies":[{"embeddable":true,"href":"https:\/\/www.sg-bebra.de\/index.php?rest_route=%2Fwp%2Fv2%2Fcomments&post=455"}],"version-history":[{"count":16,"href":"https:\/\/www.sg-bebra.de\/index.php?rest_route=\/wp\/v2\/pages\/455\/revisions"}],"predecessor-version":[{"id":1366,"href":"https:\/\/www.sg-bebra.de\/index.php?rest_route=\/wp\/v2\/pages\/455\/revisions\/1366"}],"wp:attachment":[{"href":"https:\/\/www.sg-bebra.de\/index.php?rest_route=%2Fwp%2Fv2%2Fmedia&parent=455"}],"curies":[{"name":"wp","href":"https:\/\/api.w.org\/{rel}","templated":true}]}}