{"id":353,"date":"2010-12-05T13:49:31","date_gmt":"2010-12-05T11:49:31","guid":{"rendered":"http:\/\/www.sg-bebra.de\/?page_id=353"},"modified":"2019-08-25T11:16:43","modified_gmt":"2019-08-25T09:16:43","slug":"bilder-2","status":"publish","type":"page","link":"https:\/\/www.sg-bebra.de\/?page_id=353","title":{"rendered":"Bilder"},"content":{"rendered":"<h2><\/h2>\n<h2><\/h2>\n<h2><\/h2>\n<h2 style=\"text-align: center;\">Hochzeit Violetta &amp; Bj\u00f6rn<\/h2>\n<p><img decoding=\"async\" loading=\"lazy\" class=\"alignnone size-full\" src=\"http:\/\/www.sg-bebra.de\/wp-content\/uploads\/2013\/Mikus 7.jpg\" width=\"500\" height=\"375\" \/><\/p>\n<p><img decoding=\"async\" loading=\"lazy\" class=\"alignnone size-full\" src=\"http:\/\/www.sg-bebra.de\/wp-content\/uploads\/2013\/Mikus 5.jpg\" width=\"500\" height=\"343\" \/><\/p>\n<p><img decoding=\"async\" loading=\"lazy\" class=\"alignnone size-full\" src=\"http:\/\/www.sg-bebra.de\/wp-content\/uploads\/2013\/Mikus6.jpg\" width=\"500\" height=\"345\" \/><\/p>\n<p><img decoding=\"async\" loading=\"lazy\" class=\"alignnone size-full\" src=\"http:\/\/www.sg-bebra.de\/wp-content\/uploads\/2013\/Mikus 6.jpg\" width=\"500\" height=\"352\" \/><\/p>\n<p><img decoding=\"async\" loading=\"lazy\" class=\"alignnone size-full\" src=\"http:\/\/www.sg-bebra.de\/wp-content\/uploads\/2013\/Mikus 8.jpg\" width=\"500\" height=\"473\" \/><\/p>\n<p><img decoding=\"async\" loading=\"lazy\" class=\"alignnone size-full\" src=\"http:\/\/www.sg-bebra.de\/wp-content\/uploads\/2013\/Mikus 9.jpg\" width=\"500\" height=\"657\" \/><\/p>\n<h2><\/h2>\n<h2><\/h2>\n<h2 style=\"text-align: center;\">Hochzeit Simone<\/h2>\n<p><img decoding=\"async\" loading=\"lazy\" class=\"aligncenter\" src=\"http:\/\/www.sg-bebra.de\/wp-content\/uploads\/2013\/2017-07-22 Hochzeitsbild.jpg\" alt=\"\" width=\"500\" height=\"281\" \/><\/p>\n<h2 style=\"text-align: center;\">Sch\u00fctzenfest 2016<\/h2>\n<p><img decoding=\"async\" loading=\"lazy\" class=\"alignnone\" src=\"http:\/\/www.sg-bebra.de\/wp-content\/uploads\/2013\/Koe Koen Prinz.jpg\" alt=\"\" width=\"500\" height=\"501\" \/><\/p>\n<p><img decoding=\"async\" loading=\"lazy\" class=\"aligncenter\" src=\"http:\/\/www.sg-bebra.de\/wp-content\/uploads\/2013\/Pokal 2016.jpg\" alt=\"\" width=\"500\" height=\"281\" \/><\/p>\n<h2 style=\"text-align: center;\">Kirmes 2014<\/h2>\n<p><img decoding=\"async\" loading=\"lazy\" class=\"aligncenter\" src=\"http:\/\/www.sg-bebra.de\/wp-content\/uploads\/2013\/Kirmesgewinner 2014.jpg\" alt=\"\" width=\"500\" height=\"375\" \/><\/p>\n<h2 style=\"text-align: center;\">Sch\u00fctzenfest 2014<\/h2>\n<p><img decoding=\"async\" loading=\"lazy\" class=\"aligncenter\" src=\"http:\/\/www.sg-bebra.de\/wp-content\/uploads\/2013\/Alle vorm Sch.haus 6.9.14 1.jpg\" alt=\"\" width=\"500\" height=\"375\" \/><\/p>\n<p><img decoding=\"async\" loading=\"lazy\" class=\"aligncenter\" src=\"http:\/\/www.sg-bebra.de\/wp-content\/uploads\/2013\/Koenigshaus 6.9.14 1.jpg\" alt=\"\" width=\"500\" height=\"375\" \/><\/p>\n<h2 style=\"text-align: center;\">K\u00f6nigsball 2014<\/h2>\n<p><img decoding=\"async\" loading=\"lazy\" class=\"aligncenter\" src=\"http:\/\/www.sg-bebra.de\/wp-content\/uploads\/2013\/Koenigspaarh+s.jpg\" alt=\"\" width=\"500\" height=\"667\" \/><\/p>\n<p><img decoding=\"async\" loading=\"lazy\" class=\"aligncenter\" src=\"http:\/\/www.sg-bebra.de\/wp-content\/uploads\/2013\/Koenigsball1.jpg\" alt=\"\" width=\"500\" height=\"375\" \/><\/p>\n<p><img decoding=\"async\" loading=\"lazy\" class=\"aligncenter\" src=\"http:\/\/www.sg-bebra.de\/wp-content\/uploads\/2013\/Koenigsball2.jpg\" alt=\"\" width=\"500\" height=\"375\" \/><\/p>\n<p><img decoding=\"async\" loading=\"lazy\" class=\"aligncenter\" src=\"http:\/\/www.sg-bebra.de\/wp-content\/uploads\/2013\/Koenigsball3.jpg\" alt=\"\" width=\"500\" height=\"375\" \/><\/p>\n<p><img decoding=\"async\" loading=\"lazy\" class=\"aligncenter\" src=\"http:\/\/www.sg-bebra.de\/wp-content\/uploads\/2013\/Koenigsball4.jpg\" alt=\"\" width=\"500\" height=\"349\" \/><\/p>\n<p><img decoding=\"async\" loading=\"lazy\" class=\"aligncenter\" src=\"http:\/\/www.sg-bebra.de\/wp-content\/uploads\/2013\/Koenigsball5.jpg\" alt=\"\" width=\"500\" height=\"375\" \/><\/p>\n<h2 style=\"text-align: center;\">Kirmes 2013<\/h2>\n<p><img decoding=\"async\" loading=\"lazy\" class=\"aligncenter\" src=\"http:\/\/www.sg-bebra.de\/wp-content\/uploads\/2013\/Fahne1.jpg\" alt=\"\" width=\"500\" height=\"332\" \/><\/p>\n<p><img decoding=\"async\" loading=\"lazy\" class=\"aligncenter\" src=\"http:\/\/www.sg-bebra.de\/wp-content\/uploads\/2013\/Ritter.jpg\" alt=\"\" width=\"500\" height=\"332\" \/><\/p>\n<p><img decoding=\"async\" loading=\"lazy\" class=\"aligncenter\" src=\"http:\/\/www.sg-bebra.de\/wp-content\/uploads\/2013\/Koenigspaar klein.jpg\" alt=\"\" width=\"500\" height=\"332\" \/><\/p>\n<p><img decoding=\"async\" loading=\"lazy\" class=\"aligncenter\" src=\"http:\/\/www.sg-bebra.de\/wp-content\/uploads\/2013\/Hofdamen.jpg\" alt=\"\" width=\"500\" height=\"332\" \/><\/p>\n<p><img decoding=\"async\" loading=\"lazy\" class=\"aligncenter\" src=\"http:\/\/www.sg-bebra.de\/wp-content\/uploads\/2013\/Kutsche1.jpg\" alt=\"\" width=\"500\" height=\"332\" \/><\/p>\n<p>Bilder alle W. Apel<\/p>\n<h2 style=\"text-align: center;\">Sch\u00fctzenfest 2013<\/h2>\n<p><img decoding=\"async\" loading=\"lazy\" class=\"aligncenter\" src=\"http:\/\/www.sg-bebra.de\/wp-content\/uploads\/2013\/Schuetzen2013.jpg\" alt=\"\" width=\"500\" height=\"247\" \/><\/p>\n<p><img decoding=\"async\" loading=\"lazy\" class=\"aligncenter\" src=\"http:\/\/www.sg-bebra.de\/wp-content\/uploads\/2013\/Koenige2013.jpg\" alt=\"\" width=\"500\" height=\"629\" \/><\/p>\n<p><img decoding=\"async\" loading=\"lazy\" class=\"aligncenter\" src=\"http:\/\/www.sg-bebra.de\/wp-content\/uploads\/2013\/Koenigspaar2013.jpg\" alt=\"\" width=\"500\" height=\"699\" \/><\/p>\n<p><img decoding=\"async\" loading=\"lazy\" class=\"aligncenter\" src=\"http:\/\/www.sg-bebra.de\/wp-content\/uploads\/2013\/Koenigshaus2013.jpg\" alt=\"\" width=\"500\" height=\"284\" \/><\/p>\n<p><img decoding=\"async\" loading=\"lazy\" class=\"aligncenter\" src=\"http:\/\/www.sg-bebra.de\/wp-content\/uploads\/2013\/Pokalsieger2013.jpg\" alt=\"\" width=\"500\" height=\"303\" \/><\/p>\n<p><img decoding=\"async\" loading=\"lazy\" class=\"aligncenter\" src=\"http:\/\/www.sg-bebra.de\/wp-content\/uploads\/2013\/Gruppe2013.jpg\" alt=\"\" width=\"500\" height=\"255\" \/><\/p>\n<h2 style=\"text-align: center;\">K\u00f6nigsball 2012 im Hotel &#8222;Hessischer Hof&#8220;<\/h2>\n<p><img decoding=\"async\" loading=\"lazy\" class=\"aligncenter\" src=\"http:\/\/www.sg-bebra.de\/wp-content\/uploads\/2012\/Koenigshaus.jpg\" alt=\"\" width=\"500\" height=\"309\" \/><\/p>\n<p><img decoding=\"async\" loading=\"lazy\" class=\"aligncenter\" src=\"http:\/\/www.sg-bebra.de\/wp-content\/uploads\/2012\/Koenigsball.jpg\" alt=\"\" width=\"500\" height=\"309\" \/><\/p>\n<p><img decoding=\"async\" loading=\"lazy\" class=\"aligncenter\" src=\"http:\/\/www.sg-bebra.de\/wp-content\/uploads\/2012\/Tanzgruppe 2.jpg\" alt=\"\" width=\"500\" height=\"309\" \/><\/p>\n<p><img decoding=\"async\" loading=\"lazy\" class=\"aligncenter\" src=\"http:\/\/www.sg-bebra.de\/wp-content\/uploads\/2012\/Tanzgruppe 1.jpg\" alt=\"\" width=\"500\" height=\"309\" \/><\/p>\n<p><img decoding=\"async\" loading=\"lazy\" class=\"aligncenter\" src=\"http:\/\/www.sg-bebra.de\/wp-content\/uploads\/2011\/01\/Gruppenbild.jpg\" alt=\"\" width=\"500\" height=\"288\" \/><\/p>\n<p>Gruppenbild zum 125 j\u00e4hrigen Jubil\u00e4um<\/p>\n<p><img decoding=\"async\" loading=\"lazy\" class=\"aligncenter\" src=\"http:\/\/www.sg-bebra.de\/wp-content\/uploads\/2011\/01\/KBKoenigsball2011.jpg\" alt=\"\" width=\"500\" height=\"366\" \/><\/p>\n<p><img decoding=\"async\" loading=\"lazy\" class=\"aligncenter\" src=\"http:\/\/www.sg-bebra.de\/wp-content\/uploads\/2011\/01\/KBKoenigshaus mit Stadtsch.jpg\" alt=\"\" width=\"500\" height=\"305\" \/><\/p>\n<p><img decoding=\"async\" loading=\"lazy\" class=\"aligncenter\" src=\"http:\/\/www.sg-bebra.de\/wp-content\/uploads\/2011\/01\/KBKoenigspaar mit BM.jpg\" alt=\"\" width=\"500\" height=\"318\" \/>Host Gro\u00df\u00a0\u00a0\u00a0\u00a0\u00a0\u00a0\u00a0\u00a0\u00a0\u00a0\u00a0 Dominik Braun\u00a0\u00a0\u00a0\u00a0\u00a0\u00a0\u00a0\u00a0\u00a0\u00a0\u00a0\u00a0\u00a0\u00a0\u00a0\u00a0\u00a0\u00a0\u00a0\u00a0 Sigrid Hense\u00a0\u00a0\u00a0\u00a0\u00a0\u00a0\u00a0 \u00a0\u00a0 Brigitte\u00a0 Gro\u00df<\/p>\n<p><img decoding=\"async\" loading=\"lazy\" class=\"aligncenter\" src=\"http:\/\/www.sg-bebra.de\/wp-content\/uploads\/2011\/01\/KBKoenigsball3.jpg\" alt=\"\" width=\"500\" height=\"256\" \/><\/p>\n<p><img decoding=\"async\" loading=\"lazy\" class=\"aligncenter\" src=\"http:\/\/www.sg-bebra.de\/wp-content\/uploads\/2011\/01\/KBKoenigsball4.jpg\" alt=\"\" width=\"500\" height=\"265\" \/><\/p>\n<p><img decoding=\"async\" loading=\"lazy\" class=\"aligncenter\" src=\"http:\/\/www.sg-bebra.de\/wp-content\/uploads\/2011\/01\/KBJugend1.jpg\" alt=\"\" width=\"500\" height=\"331\" \/><\/p>\n<p><img decoding=\"async\" loading=\"lazy\" class=\"aligncenter\" title=\"KBJugend\" src=\"http:\/\/www.sg-bebra.de\/wp-content\/uploads\/2011\/01\/KBJugend.jpg\" alt=\"\" width=\"500\" height=\"343\" \/><\/p>\n<p><img decoding=\"async\" loading=\"lazy\" class=\"aligncenter\" title=\"KBTombola\" src=\"http:\/\/www.sg-bebra.de\/wp-content\/uploads\/2011\/01\/KBTombola.jpg\" alt=\"\" width=\"500\" height=\"298\" \/><\/p>\n<p><img decoding=\"async\" loading=\"lazy\" class=\"aligncenter\" title=\"KBKoenigsball5\" src=\"http:\/\/www.sg-bebra.de\/wp-content\/uploads\/2011\/01\/KBKoenigsball5.jpg\" alt=\"\" width=\"500\" height=\"297\" \/><\/p>\n<p><a href=\"http:\/\/www.sg-bebra.de\/wp-content\/uploads\/2010\/12\/SiegerehrungSchueler.jpg\"><img decoding=\"async\" loading=\"lazy\" class=\"aligncenter\" src=\"http:\/\/www.sg-bebra.de\/wp-content\/uploads\/2010\/12\/SiegerehrungSchueler.jpg\" alt=\"\" width=\"500\" height=\"323\" \/><\/a><\/p>\n<p>Siegerehrung Weihnachtsschie\u00dfen der Jugendabteilung<\/p>\n<p><a href=\"http:\/\/www.sg-bebra.de\/wp-content\/uploads\/2010\/12\/Weihnachtsfeier10.jpg\"><img decoding=\"async\" loading=\"lazy\" class=\"aligncenter\" src=\"http:\/\/www.sg-bebra.de\/wp-content\/uploads\/2010\/12\/Weihnachtsfeier10.jpg\" alt=\"\" width=\"500\" height=\"311\" \/><\/a><\/p>\n<p>Lena und Emily\u00a0 Weihnachtsfeier der Jugendabteilung bei Mc Donalds<\/p>\n<p><a href=\"http:\/\/www.sg-bebra.de\/wp-content\/uploads\/2010\/12\/WFJ2010.jpg\"><img decoding=\"async\" loading=\"lazy\" class=\"aligncenter\" src=\"http:\/\/www.sg-bebra.de\/wp-content\/uploads\/2010\/12\/WFJ2010.jpg\" alt=\"\" width=\"500\" height=\"375\" \/><\/a><\/p>\n<p>Weihnachtsfeier der Jugendabteilung bei Mc Donalds<\/p>\n<p><img decoding=\"async\" loading=\"lazy\" class=\"aligncenter\" title=\"Ehrungen 2010\" src=\"http:\/\/www.sg-bebra.de\/wp-content\/uploads\/2009\/10\/Ehrungen 2010.jpg\" alt=\"\" width=\"500\" height=\"375\" \/><\/p>\n<p>Wille F\u00fchrer und Peter Oel\u00dfner Ehrung f\u00fcr 50 Jahre Mitgliedschaft<\/p>\n","protected":false},"excerpt":{"rendered":"<p>Hochzeit Violetta &amp; Bj\u00f6rn Hochzeit Simone Sch\u00fctzenfest 2016 Kirmes 2014 Sch\u00fctzenfest 2014 K\u00f6nigsball 2014 Kirmes 2013 Bilder alle W. Apel Sch\u00fctzenfest 2013 K\u00f6nigsball 2012 im Hotel &#8222;Hessischer Hof&#8220; Gruppenbild zum 125 j\u00e4hrigen Jubil\u00e4um Host Gro\u00df\u00a0\u00a0\u00a0\u00a0\u00a0\u00a0\u00a0\u00a0\u00a0\u00a0\u00a0 Dominik Braun\u00a0\u00a0\u00a0\u00a0\u00a0\u00a0\u00a0\u00a0\u00a0\u00a0\u00a0\u00a0\u00a0\u00a0\u00a0\u00a0\u00a0\u00a0\u00a0\u00a0 Sigrid Hense\u00a0\u00a0\u00a0\u00a0\u00a0\u00a0\u00a0 \u00a0\u00a0 &hellip; <a href=\"https:\/\/www.sg-bebra.de\/?page_id=353\">Weiterlesen <span class=\"meta-nav\">&rarr;<\/span><\/a><\/p>\n","protected":false},"author":2,"featured_media":0,"parent":0,"menu_order":0,"comment_status":"open","ping_status":"open","template":"","meta":{"footnotes":""},"_links":{"self":[{"href":"https:\/\/www.sg-bebra.de\/index.php?rest_route=\/wp\/v2\/pages\/353"}],"collection":[{"href":"https:\/\/www.sg-bebra.de\/index.php?rest_route=\/wp\/v2\/pages"}],"about":[{"href":"https:\/\/www.sg-bebra.de\/index.php?rest_route=\/wp\/v2\/types\/page"}],"author":[{"embeddable":true,"href":"https:\/\/www.sg-bebra.de\/index.php?rest_route=\/wp\/v2\/users\/2"}],"replies":[{"embeddable":true,"href":"https:\/\/www.sg-bebra.de\/index.php?rest_route=%2Fwp%2Fv2%2Fcomments&post=353"}],"version-history":[{"count":15,"href":"https:\/\/www.sg-bebra.de\/index.php?rest_route=\/wp\/v2\/pages\/353\/revisions"}],"predecessor-version":[{"id":1284,"href":"https:\/\/www.sg-bebra.de\/index.php?rest_route=\/wp\/v2\/pages\/353\/revisions\/1284"}],"wp:attachment":[{"href":"https:\/\/www.sg-bebra.de\/index.php?rest_route=%2Fwp%2Fv2%2Fmedia&parent=353"}],"curies":[{"name":"wp","href":"https:\/\/api.w.org\/{rel}","templated":true}]}}