{"id":20,"date":"2009-06-02T17:27:24","date_gmt":"2009-06-02T15:27:24","guid":{"rendered":"http:\/\/www.sg-bebra.de\/?page_id=20"},"modified":"2026-01-18T19:35:29","modified_gmt":"2026-01-18T17:35:29","slug":"konigshaus","status":"publish","type":"page","link":"https:\/\/www.sg-bebra.de\/?page_id=20","title":{"rendered":"K\u00f6nigshaus"},"content":{"rendered":"\n<figure class=\"wp-block-table\"><table><tbody><tr><td class=\"has-text-align-center\" data-align=\"center\" colspan=\"3\"><strong>K\u00f6nigshaus 2025\/2026<\/strong><\/td><\/tr><tr><td class=\"has-text-align-center\" data-align=\"center\"><\/td><td><\/td><td class=\"has-text-align-center\" data-align=\"center\"><\/td><\/tr><tr><td class=\"has-text-align-center\" data-align=\"center\"><strong>K\u00f6nig<\/strong><\/td><td><\/td><td class=\"has-text-align-center\" data-align=\"center\"><strong>K\u00f6nigin<\/strong><\/td><\/tr><tr><td class=\"has-text-align-center\" data-align=\"center\">Klaus Lahmer<\/td><td><\/td><td class=\"has-text-align-center\" data-align=\"center\">Katharina Hense<\/td><\/tr><tr><td class=\"has-text-align-center\" data-align=\"center\"><\/td><td><\/td><td class=\"has-text-align-center\" data-align=\"center\"><\/td><\/tr><tr><td class=\"has-text-align-center\" data-align=\"center\"><strong>1. Ritter<\/strong><\/td><td><\/td><td class=\"has-text-align-center\" data-align=\"center\"><strong>1. Hofdame<\/strong><\/td><\/tr><tr><td class=\"has-text-align-center\" data-align=\"center\">Peter Oel\u00dfner<\/td><td><\/td><td class=\"has-text-align-center\" data-align=\"center\">Inge Lahmer<\/td><\/tr><tr><td class=\"has-text-align-center\" data-align=\"center\"><\/td><td><\/td><td class=\"has-text-align-center\" data-align=\"center\"><\/td><\/tr><tr><td class=\"has-text-align-center\" data-align=\"center\"><strong>2. Ritter<\/strong><\/td><td><\/td><td class=\"has-text-align-center\" data-align=\"center\"><strong>2. Hofdame<\/strong><\/td><\/tr><tr><td class=\"has-text-align-center\" data-align=\"center\">Willi Neumann<\/td><td><\/td><td class=\"has-text-align-center\" data-align=\"center\">Gabe Apel-Seidel<\/td><\/tr><\/tbody><\/table><\/figure>\n","protected":false},"excerpt":{"rendered":"<p>K\u00f6nigshaus 2025\/2026 K\u00f6nig K\u00f6nigin Klaus Lahmer Katharina Hense 1. Ritter 1. Hofdame Peter Oel\u00dfner Inge Lahmer 2. Ritter 2. Hofdame Willi Neumann Gabe Apel-Seidel<\/p>\n","protected":false},"author":1,"featured_media":0,"parent":0,"menu_order":3,"comment_status":"closed","ping_status":"open","template":"","meta":{"footnotes":""},"_links":{"self":[{"href":"https:\/\/www.sg-bebra.de\/index.php?rest_route=\/wp\/v2\/pages\/20"}],"collection":[{"href":"https:\/\/www.sg-bebra.de\/index.php?rest_route=\/wp\/v2\/pages"}],"about":[{"href":"https:\/\/www.sg-bebra.de\/index.php?rest_route=\/wp\/v2\/types\/page"}],"author":[{"embeddable":true,"href":"https:\/\/www.sg-bebra.de\/index.php?rest_route=\/wp\/v2\/users\/1"}],"replies":[{"embeddable":true,"href":"https:\/\/www.sg-bebra.de\/index.php?rest_route=%2Fwp%2Fv2%2Fcomments&post=20"}],"version-history":[{"count":45,"href":"https:\/\/www.sg-bebra.de\/index.php?rest_route=\/wp\/v2\/pages\/20\/revisions"}],"predecessor-version":[{"id":1429,"href":"https:\/\/www.sg-bebra.de\/index.php?rest_route=\/wp\/v2\/pages\/20\/revisions\/1429"}],"wp:attachment":[{"href":"https:\/\/www.sg-bebra.de\/index.php?rest_route=%2Fwp%2Fv2%2Fmedia&parent=20"}],"curies":[{"name":"wp","href":"https:\/\/api.w.org\/{rel}","templated":true}]}}