{"id":2,"date":"2009-06-02T14:48:52","date_gmt":"2009-06-02T12:48:52","guid":{"rendered":"http:\/\/www.sg-bebra.de\/?page_id=2"},"modified":"2025-08-11T19:58:38","modified_gmt":"2025-08-11T17:58:38","slug":"ueber-mich","status":"publish","type":"page","link":"https:\/\/www.sg-bebra.de\/?page_id=2","title":{"rendered":"Vorstand"},"content":{"rendered":"\n<p><!-- [if gte mso 9]><xml> <w:WordDocument> <w:View>Normal<\/w:View> <w:Zoom>0<\/w:Zoom> <w:HyphenationZone>21<\/w:HyphenationZone> <w:Compatibility> <w:BreakWrappedTables \/> <w:SnapToGridInCell \/> <w:WrapTextWithPunct \/> <w:UseAsianBreakRules \/> <\/w:Compatibility> <w:BrowserLevel>MicrosoftInternetExplorer4<\/w:BrowserLevel> <\/w:WordDocument> <\/xml><![endif]--> <strong>Der Vorstand der Sch\u00fctzengesellschaft 1886 Bebra e.V.<\/strong><\/p>\n\n\n\n<figure class=\"wp-block-table\"><table><tbody><tr><td>\n<p class=\"MsoNormal\">1. Vorsitzender<\/p>\n<\/td><td>Stefan Grenzebach<\/td><\/tr><tr><td>\n<p class=\"MsoNormal\">2. Vorsitzender<\/p>\n<\/td><td>\n<p class=\"MsoNormal\">Christian Hense<\/p>\n<\/td><\/tr><tr><td>\n<p class=\"MsoNormal\">Schriftf\u00fchrerin<\/p>\n<\/td><td>Sigrid Hense<\/td><\/tr><tr><td>\n<p class=\"MsoNormal\">Kassenwart<\/p>\n<\/td><td>\n<p class=\"MsoNormal\">Matthias G\u00fcnther<\/p>\n<\/td><\/tr><tr><td>\n<p class=\"MsoNormal\">stellv. Kassenwartin<\/p>\n<\/td><td>\n<p class=\"MsoNormal\">Inge Lahmer<\/p>\n<\/td><\/tr><tr><td>\n<p class=\"MsoNormal\">Sportleiter<\/p>\n<\/td><td>\n<p class=\"MsoNormal\">Rainer Seidel<\/p>\n<\/td><\/tr><tr><td>\n<p class=\"MsoNormal\">Pressewart<\/p>\n<\/td><td>Ute Baron<\/td><\/tr><tr><td>\n<p class=\"MsoNormal\">Jugendleiter<\/p>\n<\/td><td>\n<p class=\"MsoNormal\">Steffen Apel<\/p>\n<\/td><\/tr><tr><td>\n<p class=\"MsoNormal\">Stellv. Jugendleiter<\/p>\n<\/td><td>Christian Hense<\/td><\/tr><\/tbody><\/table><\/figure>\n","protected":false},"excerpt":{"rendered":"<p>Der Vorstand der Sch\u00fctzengesellschaft 1886 Bebra e.V. 1. Vorsitzender Stefan Grenzebach 2. Vorsitzender Christian Hense Schriftf\u00fchrerin Sigrid Hense Kassenwart Matthias G\u00fcnther stellv. Kassenwartin Inge Lahmer Sportleiter Rainer Seidel Pressewart Ute Baron Jugendleiter Steffen Apel Stellv. Jugendleiter Christian Hense<\/p>\n","protected":false},"author":1,"featured_media":0,"parent":0,"menu_order":1,"comment_status":"closed","ping_status":"open","template":"","meta":{"footnotes":""},"_links":{"self":[{"href":"https:\/\/www.sg-bebra.de\/index.php?rest_route=\/wp\/v2\/pages\/2"}],"collection":[{"href":"https:\/\/www.sg-bebra.de\/index.php?rest_route=\/wp\/v2\/pages"}],"about":[{"href":"https:\/\/www.sg-bebra.de\/index.php?rest_route=\/wp\/v2\/types\/page"}],"author":[{"embeddable":true,"href":"https:\/\/www.sg-bebra.de\/index.php?rest_route=\/wp\/v2\/users\/1"}],"replies":[{"embeddable":true,"href":"https:\/\/www.sg-bebra.de\/index.php?rest_route=%2Fwp%2Fv2%2Fcomments&post=2"}],"version-history":[{"count":19,"href":"https:\/\/www.sg-bebra.de\/index.php?rest_route=\/wp\/v2\/pages\/2\/revisions"}],"predecessor-version":[{"id":1426,"href":"https:\/\/www.sg-bebra.de\/index.php?rest_route=\/wp\/v2\/pages\/2\/revisions\/1426"}],"wp:attachment":[{"href":"https:\/\/www.sg-bebra.de\/index.php?rest_route=%2Fwp%2Fv2%2Fmedia&parent=2"}],"curies":[{"name":"wp","href":"https:\/\/api.w.org\/{rel}","templated":true}]}}