{"id":1005,"date":"2017-08-26T09:27:27","date_gmt":"2017-08-26T07:27:27","guid":{"rendered":"http:\/\/www.sg-bebra.de\/?page_id=1005"},"modified":"2023-09-20T16:38:22","modified_gmt":"2023-09-20T14:38:22","slug":"vereins-und-burgerschiesen","status":"publish","type":"page","link":"https:\/\/www.sg-bebra.de\/?page_id=1005","title":{"rendered":"Vereins-und B\u00fcrgerschie\u00dfen"},"content":{"rendered":"<p><span style=\"font-size: large;\"><u><b>37. Vereins- und B\u00fcrgerschie\u00dfen 2019<\/b><\/u><\/span><\/p>\n<p><span style=\"font-size: medium;\">Das diesj\u00e4hrige Vereins- und B\u00fcrgerschie\u00dfen der Sch\u00fctzengesellschaft 1886 Bebra e. V. <\/span><span style=\"font-size: medium;\">fand im Sch\u00fctzenhaus in Bebra statt. Es wurde von 56 Personen wahrgenommen. <\/span><span style=\"font-size: medium;\">Es waren 14 Mannschaften am Start, was eine gute Beteiligung bezeugt, mit der <\/span><span style=\"font-size: medium;\">der Vorsitzende G\u00fcnther Hense zufrieden war. <\/span><span style=\"font-size: medium;\">Geschossen wurden 5 Schuss mit dem Kleinkalibergewehr auf die 50 m entfernte Scheibe. <\/span><span style=\"font-size: medium;\">Von den 4 Teilnehmern einer Mannschaft wurden die 3 besten gewertet.<\/span><\/p>\n<p><span style=\"font-size: medium;\">In der<b> Mannschaftwertung der Herren<\/b> sicherten sich die Spass-Sch\u00fctzen mit 141 Ringen den ersten Platz durch Tobias Schwitalla 49, Heiko Ackermann 46 und Christian Lorenz <\/span><span style=\"font-size: medium;\">ebenfalls 46 Ringe. Dahinter auf Platz 2 kamen mit 128 Ringen die S\u00e4nger vom Eisenbahnchor Germania. Wolfgang Zimpel hatte 45, Oliver Diefke 42 und Gerold Tenert 41 Ringe. Mit 122 Ringen als Gesamtergebnis wurde der Musikzugs des TSV Bebra Dritter; mit Marie Fischer 46, Leander Heise 40 und Lisa Schmauch 36 Ringen..<\/span><\/p>\n<p><span style=\"font-size: medium;\">Bei der <b>Mannschaftwertung der Damen<\/b> konnten sich die Frauen der Gruppe \u201eBl\u00e4tterpicker\u201c wie im letzten Jahr den Sieg holen. Doris Oel\u00dfner hatte 45, Sonja Kaufmann 44 und Waltraud Neubauer 42 Ringe, was ein Gesamtergebnis von 131 Ringen ergab.<\/span><span style=\"font-size: medium;\">Mit 123 Ringen kamen die Damen des TSV Musigzugs auf den 2. Platz. Sabrina Schmauch hatte erstaunlich gute 47 Ringe, Theresa Walper 46 und Lisa Krapf jeweils 30 Ringe.<\/span><span style=\"font-size: medium;\">Der Partnerschaftsverein Bebra-Knaresborough holte sich mit 107 Ringen den 3. Platz;<\/span><span style=\"font-size: medium;\">Ilse Koch 42, B\u00e4rbel Ahlswede 36 und Gisela Stawinoga 29 Ringen.<\/span><\/p>\n<p><span style=\"font-size: medium;\">In der <u><b>Einzelwertung<\/b><\/u><b> <\/b><u><b>der Herren <\/b><\/u>erzielte Tobias Schwitalla mit 49 Ringen den ersten Platz. Zweiter wurde Dieter Sippel mit 47 und dritter Christian Lorenz mit 46 Ringen.<\/span><\/p>\n<p><span style=\"font-size: medium;\">In der<b> <\/b><u><b>Einzelwertung der Damen<\/b><\/u> belegte Sabrina Schmauch mit 47 Ringen. Theresa Walper und Marie Fischer folgten mit je 46 Ringen. <\/span><\/p>\n<p><span style=\"font-size: large;\"><b>Stadt-Sch\u00fctzenk\u00f6nig gekr\u00f6nt<\/b><\/span><\/p>\n<p><span style=\"font-size: medium;\">Der Titel des Stadt-Sch\u00fctzenk\u00f6nigs war sehr umk\u00e4mpft, zumal der Sieger eine toll gestaltete Scheibe erh\u00e4lt. In diesem Jahr ist das Motiv der 1250-Jahrfeier der Stadt Bebra darauf abgebildet. <\/span><span style=\"font-size: medium;\">Diese Gestaltung gefiel allen sehr gut.<\/span><\/p>\n<p><span style=\"font-size: medium;\">Mit 28 Ringen (im Stechen eine 8,5) von 30 m\u00f6glichen, holte sicherten<\/span><\/p>\n<p><span style=\"font-size: large;\"><b>Martin Varbelow<\/b><\/span><\/p>\n<p><span style=\"font-size: medium;\">den Titel des Stadt-Sch\u00fctzenk\u00f6nig und erhielt diese sch\u00f6ne Scheibe. <\/span><span style=\"font-size: medium;\">Auf Platz 2 kam Stefan Engel mit ebenfalls 28 Ringen,(8,0 im Stechen) <\/span><span style=\"font-size: medium;\">Dritter wurde Hans-J\u00f6rg Wittich mit 26 Ringen. <\/span><\/p>\n<p><span style=\"font-size: medium;\">Die Siegerehrung und \u00dcberreichung der Pokale nahm der Vorsitzende G\u00fcnther Hense vor. <\/span><span style=\"font-size: medium;\">Ihm zur Seite standen der B\u00fcrgermeister Uwe Hassl und die 1. Stadtr\u00e4tin Ilse Koch.<\/span><span style=\"font-size: medium;\">G\u00fcnther Hense dankte allen Helfern und Organisatoren f\u00fcr diese gelungene Veranstaltung, die den Zusammenhalt der Vereine in der Stadt Bebra dokumentiert.<\/span><\/p>\n<p><img decoding=\"async\" loading=\"lazy\" class=\"alignnone size-full\" src=\"http:\/\/www.sg-bebra.de\/wp-content\/uploads\/2013\/2019-09-14 Alle Sieger VuB.jpg\" width=\"500\" height=\"281\" \/><\/p>\n<h2>Ergebnisse 2019<\/h2>\n<h2>Einzelwertung<\/h2>\n<p><a href=\"http:\/\/www.sg-bebra.de\/wp-content\/uploads\/2013\/Einzelwertung.pdf\">http:\/\/www.sg-bebra.de\/wp-content\/uploads\/2013\/Einzelwertung.pdf<\/a><\/p>\n<div id=\"post-1270\" class=\"post\">\n<h2>Mannschaftswertung<\/h2>\n<p><a href=\"http:\/\/www.sg-bebra.de\/wp-content\/uploads\/2013\/Mannschaftswertung.pdf\">http:\/\/www.sg-bebra.de\/wp-content\/uploads\/2013\/Mannschaftswertung.pdf<\/a><\/p>\n<h2>Stadtsch\u00fctzenk\u00f6nig<\/h2>\n<p><a href=\"http:\/\/www.sg-bebra.de\/wp-content\/uploads\/2013\/Stadtschuetzenkoenig.pdf\">http:\/\/www.sg-bebra.de\/wp-content\/uploads\/2013\/Stadtschuetzenkoenig.pdf<\/a><\/p>\n<h2><\/h2>\n<div class=\"entry\"><\/div>\n<\/div>\n<div class=\"mceTemp\"><\/div>\n","protected":false},"excerpt":{"rendered":"<p>37. Vereins- und B\u00fcrgerschie\u00dfen 2019 Das diesj\u00e4hrige Vereins- und B\u00fcrgerschie\u00dfen der Sch\u00fctzengesellschaft 1886 Bebra e. V. fand im Sch\u00fctzenhaus in Bebra statt. Es wurde von 56 Personen wahrgenommen. Es waren 14 Mannschaften am Start, was eine gute Beteiligung bezeugt, mit &hellip; <a href=\"https:\/\/www.sg-bebra.de\/?page_id=1005\">Weiterlesen <span class=\"meta-nav\">&rarr;<\/span><\/a><\/p>\n","protected":false},"author":2,"featured_media":0,"parent":0,"menu_order":0,"comment_status":"closed","ping_status":"open","template":"","meta":{"footnotes":""},"_links":{"self":[{"href":"https:\/\/www.sg-bebra.de\/index.php?rest_route=\/wp\/v2\/pages\/1005"}],"collection":[{"href":"https:\/\/www.sg-bebra.de\/index.php?rest_route=\/wp\/v2\/pages"}],"about":[{"href":"https:\/\/www.sg-bebra.de\/index.php?rest_route=\/wp\/v2\/types\/page"}],"author":[{"embeddable":true,"href":"https:\/\/www.sg-bebra.de\/index.php?rest_route=\/wp\/v2\/users\/2"}],"replies":[{"embeddable":true,"href":"https:\/\/www.sg-bebra.de\/index.php?rest_route=%2Fwp%2Fv2%2Fcomments&post=1005"}],"version-history":[{"count":18,"href":"https:\/\/www.sg-bebra.de\/index.php?rest_route=\/wp\/v2\/pages\/1005\/revisions"}],"predecessor-version":[{"id":1297,"href":"https:\/\/www.sg-bebra.de\/index.php?rest_route=\/wp\/v2\/pages\/1005\/revisions\/1297"}],"wp:attachment":[{"href":"https:\/\/www.sg-bebra.de\/index.php?rest_route=%2Fwp%2Fv2%2Fmedia&parent=1005"}],"curies":[{"name":"wp","href":"https:\/\/api.w.org\/{rel}","templated":true}]}}